{"id":88,"date":"2022-03-07T20:44:56","date_gmt":"2022-03-07T20:44:56","guid":{"rendered":"https:\/\/pension-dang.de\/?page_id=88"},"modified":"2022-03-08T14:40:07","modified_gmt":"2022-03-08T14:40:07","slug":"aktivitaeten","status":"publish","type":"page","link":"https:\/\/www.pension-dang.de\/?page_id=88","title":{"rendered":"Aktivit\u00e4ten"},"content":{"rendered":"\n\t<section class=\"section\" id=\"section_1397569949\">\n\t\t<div class=\"bg section-bg fill bg-fill  bg-loaded\" >\n\n\t\t\t\n\t\t\t\n\t\t\t\n\n\t\t<\/div>\n\n\t\t\n\n\t\t<div class=\"section-content relative\">\n\t\t\t\n\n<div class=\"container section-title-container\" ><h1 class=\"section-title section-title-center\"><b><\/b><span class=\"section-title-main\" >NORDDEICH ERLEBEN<\/span><b><\/b><\/h1><\/div>\n\n<div class=\"row\"  id=\"row-614423753\">\n\n\n\t<div id=\"col-1959539651\" class=\"col medium-4 small-12 large-4\"  >\n\t\t\t\t<div class=\"col-inner text-center\"  >\n\t\t\t\n\t\t\t\n\n\n\t\t<div class=\"icon-box featured-box icon-box-center text-center\"  >\n\t\t\t\t\t<div class=\"icon-box-img\" style=\"width: 60px\">\n\t\t\t\t<div class=\"icon\">\n\t\t\t\t\t<div class=\"icon-inner\" >\n\t\t\t\t\t\t<img loading=\"lazy\" decoding=\"async\" width=\"300\" height=\"300\" src=\"https:\/\/www.pension-dang.de\/wp-content\/uploads\/2022\/03\/calendar-300x300.png\" class=\"attachment-medium size-medium\" alt=\"\" srcset=\"https:\/\/www.pension-dang.de\/wp-content\/uploads\/2022\/03\/calendar-300x300.png 300w, https:\/\/www.pension-dang.de\/wp-content\/uploads\/2022\/03\/calendar-150x150.png 150w, https:\/\/www.pension-dang.de\/wp-content\/uploads\/2022\/03\/calendar.png 512w\" sizes=\"auto, (max-width: 300px) 100vw, 300px\" \/>\t\t\t\t\t<\/div>\n\t\t\t\t<\/div>\n\t\t\t<\/div>\n\t\t\t\t<div class=\"icon-box-text last-reset\">\n\t\t\t\t\t\t\t\t\t\n\n<h3>Veranstaltungskalender<\/h3>\n<p>Hier finden Sie alle aktuellen Veranstaltungen in Norddeich.<\/p>\n\t<div id=\"gap-1354932146\" class=\"gap-element clearfix\" style=\"display:block; height:auto;\">\n\t\t\n<style>\n#gap-1354932146 {\n  padding-top: 30px;\n}\n<\/style>\n\t<\/div>\n\t\n\n<a rel=\"noopener noreferrer\" href=\"https:\/\/www.norddeich.de\/familienurlaub-in-norddeich-an-der-nordsee\/veranstaltungen-in-norddeich\/veranstaltungskalender\/\" target=\"_blank\" class=\"button primary\"  style=\"border-radius:10px;\">\n    <span>Hier Klicken<\/span>\n  <\/a>\n\n\n\n\t\t<\/div>\n\t<\/div>\n\t\n\t\n\n\t\t<\/div>\n\t\t\t\t\t<\/div>\n\n\t\n\n\t<div id=\"col-178556641\" class=\"col medium-4 small-12 large-4\"  >\n\t\t\t\t<div class=\"col-inner\"  >\n\t\t\t\n\t\t\t\n\n\n\t\t<div class=\"icon-box featured-box icon-box-center text-center\"  >\n\t\t\t\t\t<div class=\"icon-box-img\" style=\"width: 60px\">\n\t\t\t\t<div class=\"icon\">\n\t\t\t\t\t<div class=\"icon-inner\" >\n\t\t\t\t\t\t<img loading=\"lazy\" decoding=\"async\" width=\"300\" height=\"300\" src=\"https:\/\/www.pension-dang.de\/wp-content\/uploads\/2022\/03\/ocean-300x300.png\" class=\"attachment-medium size-medium\" alt=\"\" srcset=\"https:\/\/www.pension-dang.de\/wp-content\/uploads\/2022\/03\/ocean-300x300.png 300w, https:\/\/www.pension-dang.de\/wp-content\/uploads\/2022\/03\/ocean-150x150.png 150w, https:\/\/www.pension-dang.de\/wp-content\/uploads\/2022\/03\/ocean.png 512w\" sizes=\"auto, (max-width: 300px) 100vw, 300px\" \/>\t\t\t\t\t<\/div>\n\t\t\t\t<\/div>\n\t\t\t<\/div>\n\t\t\t\t<div class=\"icon-box-text last-reset\">\n\t\t\t\t\t\t\t\t\t\n\n<h3>Nordsee erleben<\/h3>\n<p>Hier finden Sie alle Aktivit\u00e4ten und M\u00f6glichkeiten rund um die Nordsee.<\/p>\n\t<div id=\"gap-1065948799\" class=\"gap-element clearfix\" style=\"display:block; height:auto;\">\n\t\t\n<style>\n#gap-1065948799 {\n  padding-top: 30px;\n}\n<\/style>\n\t<\/div>\n\t\n\n<a rel=\"noopener noreferrer\" href=\"https:\/\/www.norddeich.de\/nordseeurlaub-am-strand-in-norddeich\/\" target=\"_blank\" class=\"button primary\"  style=\"border-radius:10px;\">\n    <span>Hier klicken<\/span>\n  <\/a>\n\n\n\n\t\t<\/div>\n\t<\/div>\n\t\n\t\n\n\t\t<\/div>\n\t\t\t\t\t<\/div>\n\n\t\n\n\t<div id=\"col-2006139497\" class=\"col medium-4 small-12 large-4\"  >\n\t\t\t\t<div class=\"col-inner\"  >\n\t\t\t\n\t\t\t\n\n\n\t\t<div class=\"icon-box featured-box icon-box-center text-center\"  >\n\t\t\t\t\t<div class=\"icon-box-img\" style=\"width: 60px\">\n\t\t\t\t<div class=\"icon\">\n\t\t\t\t\t<div class=\"icon-inner\" >\n\t\t\t\t\t\t<img loading=\"lazy\" decoding=\"async\" width=\"300\" height=\"300\" src=\"https:\/\/www.pension-dang.de\/wp-content\/uploads\/2022\/03\/family-300x300.png\" class=\"attachment-medium size-medium\" alt=\"\" srcset=\"https:\/\/www.pension-dang.de\/wp-content\/uploads\/2022\/03\/family-300x300.png 300w, https:\/\/www.pension-dang.de\/wp-content\/uploads\/2022\/03\/family-150x150.png 150w, https:\/\/www.pension-dang.de\/wp-content\/uploads\/2022\/03\/family.png 512w\" sizes=\"auto, (max-width: 300px) 100vw, 300px\" \/>\t\t\t\t\t<\/div>\n\t\t\t\t<\/div>\n\t\t\t<\/div>\n\t\t\t\t<div class=\"icon-box-text last-reset\">\n\t\t\t\t\t\t\t\t\t\n\n<h3>Familienurlaub<\/h3>\n<p>Hier finden Sie alle Aktivit\u00e4ten f\u00fcr die ganze Familie.<\/p>\n\t<div id=\"gap-436476358\" class=\"gap-element clearfix\" style=\"display:block; height:auto;\">\n\t\t\n<style>\n#gap-436476358 {\n  padding-top: 30px;\n}\n<\/style>\n\t<\/div>\n\t\n\n<a rel=\"noopener noreferrer\" href=\"https:\/\/www.norddeich.de\/familienurlaub-in-norddeich-an-der-nordsee\/\" target=\"_blank\" class=\"button primary\"  style=\"border-radius:10px;\">\n    <span>Hier klicken<\/span>\n  <\/a>\n\n\n\n\t\t<\/div>\n\t<\/div>\n\t\n\t\n\n\t\t<\/div>\n\t\t\t\t\t<\/div>\n\n\t\n\n<\/div>\n\n\t\t<\/div>\n\n\t\t\n<style>\n#section_1397569949 {\n  padding-top: 30px;\n  padding-bottom: 30px;\n}\n#section_1397569949 .ux-shape-divider--top svg {\n  height: 150px;\n  --divider-top-width: 100%;\n}\n#section_1397569949 .ux-shape-divider--bottom svg {\n  height: 150px;\n  --divider-width: 100%;\n}\n<\/style>\n\t<\/section>\n\t\n<div class=\"row\"  id=\"row-1764567999\">\n\n\n\t<div id=\"col-651724668\" class=\"col medium-8 small-12 large-8\"  >\n\t\t\t\t<div class=\"col-inner\"  >\n\t\t\t\n\t\t\t\n\n<div class=\"container section-title-container\" ><h3 class=\"section-title section-title-center\"><b><\/b><span class=\"section-title-main\" >AKTUELLE CORONA REGELUNG<\/span><b><\/b><\/h3><\/div>\n\n<header id=\"#c3023\" class=\"title title2\">\n<h2>Aktuelle Informationen zur neuesten Corona-Verordnung des Landes Niedersachsen<\/h2>\n<\/header>\n<div id=\"#c{field:uid}\" class=\"txtwrap\">\n<p class=\"bodytext\"><b>Stand: 04.03.2022<\/b><\/p>\n<p class=\"bodytext\">Liebe G\u00e4ste, Vermieter und Leistungstr\u00e4ger,<\/p>\n<p class=\"bodytext\">die nieders\u00e4chsische Landesregierung hat zum 04.03.2022 eine neue\u00a0<a href=\"https:\/\/www.niedersachsen.de\/download\/180746\" target=\"_blank\" rel=\"noopener\"><b>Corona-Verordnungen<\/b><\/a>\u00a0ver\u00f6ffentlicht. Mit der Verordnung werden zahlreiche Einschr\u00e4nkungen des gesellschaftlichen Lebens schrittweise zur\u00fcckgenommen. Die Verordnungen gelten bis zum 19.03.2022, danach sollen die coronabedingten Einschr\u00e4nkungen fast vollst\u00e4ndig gelockert werden.\u00a0Nach der neuen Verordnung gelten bis dahin folgende Regelungen f\u00fcr den touristischen Bereich:<\/p>\n<p class=\"bodytext\">Unver\u00e4ndert geblieben sind die Regelungen zum\u00a0<b>Abstandhalten, zur Hygiene und zum L\u00fcften sowie zur Maskenpflicht<\/b>. Die Kontaktdatenerfassung wird auf die freiwillige Nutzung der Corona-Warn-App umgestellt. Das \u00fcber den Winter g\u00fcltige System der Warnstufen wird aufgegeben.<\/p>\n<p class=\"bodytext\"><b>Mindestens\u00a0bis zum 19.03.2022 gilt<\/b>: Jede Person, die eine\u00a0<b>Beherbergungsst\u00e4tte<\/b>\u00a0(Pension, Hotel, Ferienwohnung, Ferienhaus etc.) nutzen will, hat schon beim Betreten einen Impfnachweis, Genesenennachweis oder ein negatives Testergebnis vorzulegen (<a href=\"https:\/\/www.norddeich.de\/fileadmin\/Mediendatenbank\/Bilder\/Urlaub_in_Corona-Zeiten\/3G-Regel_ab_4Maerz.png\"><b>3G-Regelung<\/b><\/a>). In \u00f6ffentlich zug\u00e4nglichen Innenr\u00e4umen muss &#8211; au\u00dfer im Sitzen &#8211; eine\u00a0<b>FFP2-Maske\u00a0<\/b>getragen werden (nicht in Wohnungen\/ Zimmern der G\u00e4ste). In der\u00a0<b>Gastronomie<\/b>\u00a0gelten die gleichen Regelungen\u00a0(statt vorher 2G).<\/p>\n<p class=\"bodytext\">Eine \u00dcbersicht der Testzentren in Norden und Norddeich finden Sie\u00a0<a href=\"https:\/\/www.norden.de\/Kurzmen%C3%BC\/Corona-Schnelltestzentren\/\" target=\"_blank\" rel=\"noopener\"><b>hier<\/b><\/a>.<\/p>\n<p class=\"bodytext\">Eine \u00dcbersicht\u00a0aller neuen Regelungen im Land Niedersachsen finden Sie\u00a0<b><a href=\"https:\/\/www.niedersachsen.de\/download\/180543\" target=\"_blank\" rel=\"noopener\">hier<\/a><\/b>. Antworten auf h\u00e4ufig gestellte Fragen zum Thema Reisen &amp; Tourismus finden Sie\u00a0<b><a href=\"https:\/\/www.niedersachsen.de\/Coronavirus\/antworten-auf-haufig-gestellte-fragen-faq-185463.html\" target=\"_blank\" rel=\"noopener\">hier<\/a><\/b>.<\/p>\n<p class=\"bodytext\"><i>Haftungsausschluss: Alle Angaben wurden nach bestem Wissen und Gewissen sorgf\u00e4ltig f\u00fcr Sie recherchiert. Wir bem\u00fchen uns, dieses Informationsangebot stetig zu erweitern und zu aktualisieren. Allerdings k\u00f6nnen wir bzw. die Wirtschaftsbetriebe der Stadt Norden GmbH eine Gew\u00e4hr f\u00fcr Richtigkeit, Vollst\u00e4ndigkeit und Aktualit\u00e4t der Angaben leider nicht \u00fcbernehmen.<\/i><\/p>\n<\/div>\n\n\t\t<\/div>\n\t\t\t\t\t<\/div>\n\n\t\n\n\t<div id=\"col-1284825739\" class=\"col medium-4 small-12 large-4\"  >\n\t\t\t\t<div class=\"col-inner text-center\"  >\n\t\t\t\n\t\t\t\n\n<div class=\"container section-title-container\" ><h3 class=\"section-title section-title-center\"><b><\/b><span class=\"section-title-main\" >WETTER<\/span><b><\/b><\/h3><\/div>\n\n\n\n<iframe width='300' height='365' name='FC3' style='border:1px solid;border-radius:10px;border-color:transparent;' src='https:\/\/api.wetteronline.de\/wetterwidget?gid=x5279&#038;modeid=FC3&#038;seourl=norden\/norddeich&#038;locationname=Norddeich&#038;lang=de'><\/iframe>\n\n\n\t\t<\/div>\n\t\t\t\t\t<\/div>\n\n\t\n\n<\/div>\n\n","protected":false},"excerpt":{"rendered":"","protected":false},"author":1,"featured_media":0,"parent":0,"menu_order":0,"comment_status":"closed","ping_status":"closed","template":"","meta":{"footnotes":""},"class_list":["post-88","page","type-page","status-publish","hentry"],"_links":{"self":[{"href":"https:\/\/www.pension-dang.de\/index.php?rest_route=\/wp\/v2\/pages\/88","targetHints":{"allow":["GET"]}}],"collection":[{"href":"https:\/\/www.pension-dang.de\/index.php?rest_route=\/wp\/v2\/pages"}],"about":[{"href":"https:\/\/www.pension-dang.de\/index.php?rest_route=\/wp\/v2\/types\/page"}],"author":[{"embeddable":true,"href":"https:\/\/www.pension-dang.de\/index.php?rest_route=\/wp\/v2\/users\/1"}],"replies":[{"embeddable":true,"href":"https:\/\/www.pension-dang.de\/index.php?rest_route=%2Fwp%2Fv2%2Fcomments&post=88"}],"version-history":[{"count":13,"href":"https:\/\/www.pension-dang.de\/index.php?rest_route=\/wp\/v2\/pages\/88\/revisions"}],"predecessor-version":[{"id":150,"href":"https:\/\/www.pension-dang.de\/index.php?rest_route=\/wp\/v2\/pages\/88\/revisions\/150"}],"wp:attachment":[{"href":"https:\/\/www.pension-dang.de\/index.php?rest_route=%2Fwp%2Fv2%2Fmedia&parent=88"}],"curies":[{"name":"wp","href":"https:\/\/api.w.org\/{rel}","templated":true}]}}