{"id":83,"date":"2022-03-07T20:42:54","date_gmt":"2022-03-07T20:42:54","guid":{"rendered":"https:\/\/pension-dang.de\/?page_id=83"},"modified":"2022-03-08T12:45:57","modified_gmt":"2022-03-08T12:45:57","slug":"reservierung","status":"publish","type":"page","link":"https:\/\/www.pension-dang.de\/?page_id=83","title":{"rendered":"Reservierung"},"content":{"rendered":"\n\t<section class=\"section\" id=\"section_1328178407\">\n\t\t<div class=\"bg section-bg fill bg-fill  bg-loaded\" >\n\n\t\t\t\n\t\t\t\n\t\t\t\n\n\t\t<\/div>\n\n\t\t\n\n\t\t<div class=\"section-content relative\">\n\t\t\t\n\n<div class=\"container section-title-container\" ><h1 class=\"section-title section-title-center\"><b><\/b><span class=\"section-title-main\" >Reservierung<\/span><b><\/b><\/h1><\/div>\n\n<div class=\"row\"  id=\"row-2110456980\">\n\n\n\t<div id=\"col-1107045214\" class=\"col medium-6 small-12 large-6\"  >\n\t\t\t\t<div class=\"col-inner\"  >\n\t\t\t\n\t\t\t\n\n\n\t\t<div class=\"icon-box featured-box icon-box-center text-center\"  >\n\t\t\t\t\t<div class=\"icon-box-img\" style=\"width: 60px\">\n\t\t\t\t<div class=\"icon\">\n\t\t\t\t\t<div class=\"icon-inner\" >\n\t\t\t\t\t\t<img loading=\"lazy\" decoding=\"async\" width=\"300\" height=\"300\" src=\"https:\/\/www.pension-dang.de\/wp-content\/uploads\/2022\/03\/reserved-300x300.png\" class=\"attachment-medium size-medium\" alt=\"\" srcset=\"https:\/\/www.pension-dang.de\/wp-content\/uploads\/2022\/03\/reserved-300x300.png 300w, https:\/\/www.pension-dang.de\/wp-content\/uploads\/2022\/03\/reserved-150x150.png 150w, https:\/\/www.pension-dang.de\/wp-content\/uploads\/2022\/03\/reserved.png 512w\" sizes=\"auto, (max-width: 300px) 100vw, 300px\" \/>\t\t\t\t\t<\/div>\n\t\t\t\t<\/div>\n\t\t\t<\/div>\n\t\t\t\t<div class=\"icon-box-text last-reset\">\n\t\t\t\t\t\t\t\t\t\n\n<h3>Hier k\u00f6nnen Sie reservieren<\/h3>\n<p>Bitte geben Sie alle ben\u00f6tigten Daten in die Felder ein, damit wir Ihre Reservierung bearbeiten k\u00f6nnen. Nach dem Versenden der Reservierung werden wir uns bei Ihnen telefonisch melden und weitere Details kl\u00e4ren.<\/p>\n\n\t\t<\/div>\n\t<\/div>\n\t\n\t\n\t<div id=\"gap-4767198\" class=\"gap-element clearfix\" style=\"display:block; height:auto;\">\n\t\t\n<style>\n#gap-4767198 {\n  padding-top: 30px;\n}\n<\/style>\n\t<\/div>\n\t\n\n\n\t\t<div class=\"icon-box featured-box icon-box-center text-center\"  >\n\t\t\t\t\t<div class=\"icon-box-img\" style=\"width: 60px\">\n\t\t\t\t<div class=\"icon\">\n\t\t\t\t\t<div class=\"icon-inner\" >\n\t\t\t\t\t\t<img loading=\"lazy\" decoding=\"async\" width=\"300\" height=\"300\" src=\"https:\/\/www.pension-dang.de\/wp-content\/uploads\/2022\/03\/privacy-300x300.png\" class=\"attachment-medium size-medium\" alt=\"\" srcset=\"https:\/\/www.pension-dang.de\/wp-content\/uploads\/2022\/03\/privacy-300x300.png 300w, https:\/\/www.pension-dang.de\/wp-content\/uploads\/2022\/03\/privacy-150x150.png 150w, https:\/\/www.pension-dang.de\/wp-content\/uploads\/2022\/03\/privacy.png 512w\" sizes=\"auto, (max-width: 300px) 100vw, 300px\" \/>\t\t\t\t\t<\/div>\n\t\t\t\t<\/div>\n\t\t\t<\/div>\n\t\t\t\t<div class=\"icon-box-text last-reset\">\n\t\t\t\t\t\t\t\t\t\n\n<h3>Datenschutzerkl\u00e4rung<\/h3>\n<p>Wenn Sie die im Kontaktformular eingegebenen Daten durch Klick auf den nachfolgenden Button \u00fcbersenden,<br \/>erkl\u00e4ren Sie sich damit einverstanden, dass wir Ihre Angaben f\u00fcr die Beantwortung Ihrer Anfrage bzw. Kontaktaufnahme verwenden.<br \/>Eine Weitergabe an Dritte findet grunds\u00e4tzlich nicht statt,<br \/>es sei denn geltende Datenschutzvorschriften rechtfertigen eine \u00dcbertragung oder wir dazu gesetzlich verpflichtet sind.<br \/>Sie k\u00f6nnen Ihre erteilte Einwilligung jederzeit mit Wirkung f\u00fcr die Zukunft widerrufen.<br \/>Im Falle des Widerrufs werden Ihre Daten umgehend gel\u00f6scht.<br \/>Ihre Daten werden ansonsten gel\u00f6scht, wenn wir Ihre Anfrage bearbeitet haben oder der Zweck der Speicherung entfallen ist.<br \/>Sie k\u00f6nnen sich jederzeit \u00fcber die zu Ihrer Person gespeicherten Daten informieren.<br \/>Weitere Informationen zum Datenschutz finden Sie auch in der Datenschutzerkl\u00e4rung dieser Webseite.<br \/>(Mustertext via Kanzlei Sieling )<\/p>\n\n\t\t<\/div>\n\t<\/div>\n\t\n\t\n\n\t\t<\/div>\n\t\t\t\t\t<\/div>\n\n\t\n\n\t<div id=\"col-1178833301\" class=\"col medium-6 small-12 large-6\"  >\n\t\t\t\t<div class=\"col-inner\"  >\n\t\t\t\n\t\t\t\n\n\n\n\n<div class=\"wpcf7 no-js\" id=\"wpcf7-f117-o1\" lang=\"de-DE\" dir=\"ltr\" data-wpcf7-id=\"117\">\n<div class=\"screen-reader-response\"><p role=\"status\" aria-live=\"polite\" aria-atomic=\"true\"><\/p> <ul><\/ul><\/div>\n<form action=\"\/index.php?rest_route=%2Fwp%2Fv2%2Fpages%2F83#wpcf7-f117-o1\" method=\"post\" class=\"wpcf7-form init\" aria-label=\"Kontaktformular\" novalidate=\"novalidate\" data-status=\"init\">\n<div style=\"display: none;\">\n<input type=\"hidden\" name=\"_wpcf7\" value=\"117\" \/>\n<input type=\"hidden\" name=\"_wpcf7_version\" value=\"6.0.4\" \/>\n<input type=\"hidden\" name=\"_wpcf7_locale\" value=\"de_DE\" \/>\n<input type=\"hidden\" name=\"_wpcf7_unit_tag\" value=\"wpcf7-f117-o1\" \/>\n<input type=\"hidden\" name=\"_wpcf7_container_post\" value=\"0\" \/>\n<input type=\"hidden\" name=\"_wpcf7_posted_data_hash\" value=\"\" \/>\n<\/div>\n<p><label> Name<br \/>\n<span class=\"wpcf7-form-control-wrap\" data-name=\"your-name\"><input size=\"40\" maxlength=\"400\" class=\"wpcf7-form-control wpcf7-text wpcf7-validates-as-required\" aria-required=\"true\" aria-invalid=\"false\" value=\"\" type=\"text\" name=\"your-name\" \/><\/span> <\/label>\n<\/p>\n<p><label> Vorname<br \/>\n<span class=\"wpcf7-form-control-wrap\" data-name=\"vorname\"><input size=\"40\" maxlength=\"400\" class=\"wpcf7-form-control wpcf7-text wpcf7-validates-as-required\" aria-required=\"true\" aria-invalid=\"false\" value=\"\" type=\"text\" name=\"vorname\" \/><\/span> <\/label>\n<\/p>\n<p><label> Handynummer<br \/>\n<span class=\"wpcf7-form-control-wrap\" data-name=\"tel-158\"><input size=\"40\" maxlength=\"400\" class=\"wpcf7-form-control wpcf7-tel wpcf7-text wpcf7-validates-as-tel\" aria-invalid=\"false\" value=\"\" type=\"tel\" name=\"tel-158\" \/><\/span> <\/label>\n<\/p>\n<p><label> Stra\u00dfe \/ Nr.<br \/>\n<span class=\"wpcf7-form-control-wrap\" data-name=\"street\"><input size=\"40\" maxlength=\"400\" class=\"wpcf7-form-control wpcf7-text wpcf7-validates-as-required\" aria-required=\"true\" aria-invalid=\"false\" value=\"\" type=\"text\" name=\"street\" \/><\/span> <\/label>\n<\/p>\n<p><label> PLZ<br \/>\n<span class=\"wpcf7-form-control-wrap\" data-name=\"plz\"><input size=\"40\" maxlength=\"400\" class=\"wpcf7-form-control wpcf7-text wpcf7-validates-as-required\" aria-required=\"true\" aria-invalid=\"false\" value=\"\" type=\"text\" name=\"plz\" \/><\/span> <\/label>\n<\/p>\n<p><label> Ort<br \/>\n<span class=\"wpcf7-form-control-wrap\" data-name=\"ort\"><input size=\"40\" maxlength=\"400\" class=\"wpcf7-form-control wpcf7-text wpcf7-validates-as-required\" aria-required=\"true\" aria-invalid=\"false\" value=\"\" type=\"text\" name=\"ort\" \/><\/span> <\/label>\n<\/p>\n<p><label> E-Mail-Adresse<br \/>\n<span class=\"wpcf7-form-control-wrap\" data-name=\"your-email\"><input size=\"40\" maxlength=\"400\" class=\"wpcf7-form-control wpcf7-email wpcf7-validates-as-required wpcf7-text wpcf7-validates-as-email\" aria-required=\"true\" aria-invalid=\"false\" value=\"\" type=\"email\" name=\"your-email\" \/><\/span> <\/label>\n<\/p>\n<p><label> Anzahl Erwachsene<br \/>\n<span class=\"wpcf7-form-control-wrap\" data-name=\"erwachsene\"><input class=\"wpcf7-form-control wpcf7-number wpcf7-validates-as-required wpcf7-validates-as-number\" min=\"0\" aria-required=\"true\" aria-invalid=\"false\" value=\"\" type=\"number\" name=\"erwachsene\" \/><\/span> <\/label>\n<\/p>\n<p><label> Anzahl Kinder<br \/>\n<span class=\"wpcf7-form-control-wrap\" data-name=\"kinder\"><input class=\"wpcf7-form-control wpcf7-number wpcf7-validates-as-number\" max=\"10\" aria-invalid=\"false\" value=\"\" type=\"number\" name=\"kinder\" \/><\/span> <\/label>\n<\/p>\n<p><label> Anzahl Zimmer<br \/>\n<span class=\"wpcf7-form-control-wrap\" data-name=\"zimmer\"><input class=\"wpcf7-form-control wpcf7-number wpcf7-validates-as-required wpcf7-validates-as-number\" max=\"10\" aria-required=\"true\" aria-invalid=\"false\" value=\"\" type=\"number\" name=\"zimmer\" \/><\/span> <\/label>\n<\/p>\n<p><label> Gew\u00fcnschtes Zimmer<br \/>\n<span class=\"wpcf7-form-control-wrap\" data-name=\"menu-752\"><select class=\"wpcf7-form-control wpcf7-select wpcf7-validates-as-required\" aria-required=\"true\" aria-invalid=\"false\" name=\"menu-752\"><option value=\"Einzelzimmer\">Einzelzimmer<\/option><option value=\"Doppelzimmer\">Doppelzimmer<\/option><option value=\"Zimmer mit Balkon\">Zimmer mit Balkon<\/option><\/select><\/span> <\/label>\n<\/p>\n<p><label> Anreise<br \/>\n<span class=\"wpcf7-form-control-wrap\" data-name=\"date-633\"><input class=\"wpcf7-form-control wpcf7-date wpcf7-validates-as-required wpcf7-validates-as-date\" aria-required=\"true\" aria-invalid=\"false\" value=\"\" type=\"date\" name=\"date-633\" \/><\/span> <\/label>\n<\/p>\n<p><label> Abreise<br \/>\n<span class=\"wpcf7-form-control-wrap\" data-name=\"abreise\"><input class=\"wpcf7-form-control wpcf7-date wpcf7-validates-as-required wpcf7-validates-as-date\" aria-required=\"true\" aria-invalid=\"false\" value=\"\" type=\"date\" name=\"abreise\" \/><\/span> <\/label>\n<\/p>\n<p><label> Wollen Sie uns noch was mitteilen?<br \/>\n<span class=\"wpcf7-form-control-wrap\" data-name=\"sonstiges\"><textarea cols=\"40\" rows=\"10\" maxlength=\"2000\" class=\"wpcf7-form-control wpcf7-textarea\" aria-invalid=\"false\" name=\"sonstiges\"><\/textarea><\/span> <\/label>\n<\/p>\n<p><input class=\"wpcf7-form-control wpcf7-submit has-spinner\" type=\"submit\" value=\"Senden\" \/>\n<\/p><p style=\"display: none !important;\" class=\"akismet-fields-container\" data-prefix=\"_wpcf7_ak_\"><label>&#916;<textarea name=\"_wpcf7_ak_hp_textarea\" cols=\"45\" rows=\"8\" maxlength=\"100\"><\/textarea><\/label><input type=\"hidden\" id=\"ak_js_1\" name=\"_wpcf7_ak_js\" value=\"4\"\/><script>document.getElementById( \"ak_js_1\" ).setAttribute( \"value\", ( new Date() ).getTime() );<\/script><\/p><div class=\"wpcf7-response-output\" aria-hidden=\"true\"><\/div>\n<\/form>\n<\/div>\n\n\n\n\t\t<\/div>\n\t\t\t\t\t<\/div>\n\n\t\n\n<\/div>\n\n\t\t<\/div>\n\n\t\t\n<style>\n#section_1328178407 {\n  padding-top: 30px;\n  padding-bottom: 30px;\n}\n#section_1328178407 .ux-shape-divider--top svg {\n  height: 150px;\n  --divider-top-width: 100%;\n}\n#section_1328178407 .ux-shape-divider--bottom svg {\n  height: 150px;\n  --divider-width: 100%;\n}\n<\/style>\n\t<\/section>\n\t\n\n","protected":false},"excerpt":{"rendered":"","protected":false},"author":1,"featured_media":0,"parent":0,"menu_order":0,"comment_status":"closed","ping_status":"closed","template":"","meta":{"footnotes":""},"class_list":["post-83","page","type-page","status-publish","hentry"],"_links":{"self":[{"href":"https:\/\/www.pension-dang.de\/index.php?rest_route=\/wp\/v2\/pages\/83","targetHints":{"allow":["GET"]}}],"collection":[{"href":"https:\/\/www.pension-dang.de\/index.php?rest_route=\/wp\/v2\/pages"}],"about":[{"href":"https:\/\/www.pension-dang.de\/index.php?rest_route=\/wp\/v2\/types\/page"}],"author":[{"embeddable":true,"href":"https:\/\/www.pension-dang.de\/index.php?rest_route=\/wp\/v2\/users\/1"}],"replies":[{"embeddable":true,"href":"https:\/\/www.pension-dang.de\/index.php?rest_route=%2Fwp%2Fv2%2Fcomments&post=83"}],"version-history":[{"count":10,"href":"https:\/\/www.pension-dang.de\/index.php?rest_route=\/wp\/v2\/pages\/83\/revisions"}],"predecessor-version":[{"id":155,"href":"https:\/\/www.pension-dang.de\/index.php?rest_route=\/wp\/v2\/pages\/83\/revisions\/155"}],"wp:attachment":[{"href":"https:\/\/www.pension-dang.de\/index.php?rest_route=%2Fwp%2Fv2%2Fmedia&parent=83"}],"curies":[{"name":"wp","href":"https:\/\/api.w.org\/{rel}","templated":true}]}}