{"id":31,"date":"2022-03-07T19:54:21","date_gmt":"2022-03-07T19:54:21","guid":{"rendered":"https:\/\/pension-dang.de\/?page_id=31"},"modified":"2025-03-04T16:34:34","modified_gmt":"2025-03-04T16:34:34","slug":"einrichtung","status":"publish","type":"page","link":"https:\/\/www.pension-dang.de\/?page_id=31","title":{"rendered":"Einrichtung"},"content":{"rendered":"\n\t<section class=\"section\" id=\"section_2121409578\">\n\t\t<div class=\"bg section-bg fill bg-fill  bg-loaded\" >\n\n\t\t\t\n\t\t\t\n\t\t\t\n\n\t\t<\/div>\n\n\t\t\n\n\t\t<div class=\"section-content relative\">\n\t\t\t\n\n<div class=\"container section-title-container\" ><h1 class=\"section-title section-title-center\"><b><\/b><span class=\"section-title-main\" >EINRICHTUNG<\/span><b><\/b><\/h1><\/div>\n\n<div class=\"row\"  id=\"row-2056378895\">\n\n\n\t<div id=\"col-2119925437\" class=\"col medium-4 small-12 large-4\"  >\n\t\t\t\t<div class=\"col-inner\"  >\n\t\t\t\n\t\t\t\n\n\n\t\t<div class=\"icon-box featured-box icon-box-center text-center\"  >\n\t\t\t\t\t<div class=\"icon-box-img\" style=\"width: 60px\">\n\t\t\t\t<div class=\"icon\">\n\t\t\t\t\t<div class=\"icon-inner\" >\n\t\t\t\t\t\t<img loading=\"lazy\" decoding=\"async\" width=\"300\" height=\"300\" src=\"https:\/\/www.pension-dang.de\/wp-content\/uploads\/2022\/03\/single-bed-300x300.png\" class=\"attachment-medium size-medium\" alt=\"\" srcset=\"https:\/\/www.pension-dang.de\/wp-content\/uploads\/2022\/03\/single-bed-300x300.png 300w, https:\/\/www.pension-dang.de\/wp-content\/uploads\/2022\/03\/single-bed-150x150.png 150w, https:\/\/www.pension-dang.de\/wp-content\/uploads\/2022\/03\/single-bed.png 512w\" sizes=\"auto, (max-width: 300px) 100vw, 300px\" \/>\t\t\t\t\t<\/div>\n\t\t\t\t<\/div>\n\t\t\t<\/div>\n\t\t\t\t<div class=\"icon-box-text last-reset\">\n\t\t\t\t\t\t\t\t\t\n\n<h3>EINZELZIMMER<br \/>inkl. Fr\u00fchst\u00fcck<\/h3>\n<p>Nebensaison ab 60,- \u20ac pro Person<br \/>Hauptsaison ab 65,- \u20ac pro Person<\/p>\n\n\t\t<\/div>\n\t<\/div>\n\t\n\t\n\n\t\t<\/div>\n\t\t\t\t\t<\/div>\n\n\t\n\n\t<div id=\"col-1617693759\" class=\"col medium-4 small-12 large-4\"  >\n\t\t\t\t<div class=\"col-inner\"  >\n\t\t\t\n\t\t\t\n\n\n\t\t<div class=\"icon-box featured-box icon-box-center text-center\"  >\n\t\t\t\t\t<div class=\"icon-box-img\" style=\"width: 60px\">\n\t\t\t\t<div class=\"icon\">\n\t\t\t\t\t<div class=\"icon-inner\" >\n\t\t\t\t\t\t<img loading=\"lazy\" decoding=\"async\" width=\"300\" height=\"300\" src=\"https:\/\/www.pension-dang.de\/wp-content\/uploads\/2022\/03\/double-bed-300x300.png\" class=\"attachment-medium size-medium\" alt=\"\" srcset=\"https:\/\/www.pension-dang.de\/wp-content\/uploads\/2022\/03\/double-bed-300x300.png 300w, https:\/\/www.pension-dang.de\/wp-content\/uploads\/2022\/03\/double-bed-150x150.png 150w, https:\/\/www.pension-dang.de\/wp-content\/uploads\/2022\/03\/double-bed.png 512w\" sizes=\"auto, (max-width: 300px) 100vw, 300px\" \/>\t\t\t\t\t<\/div>\n\t\t\t\t<\/div>\n\t\t\t<\/div>\n\t\t\t\t<div class=\"icon-box-text last-reset\">\n\t\t\t\t\t\t\t\t\t\n\n<h3>DOPPELZIMMER<br \/>inkl. Fr\u00fchst\u00fcck<\/h3>\n<p>Nebensaison 45,- \u20ac pro Person<br \/>Hauptsaison 50,- \u20ac pro Person<\/p>\n\n\t\t<\/div>\n\t<\/div>\n\t\n\t\n\n\t\t<\/div>\n\t\t\t\t\t<\/div>\n\n\t\n\n\t<div id=\"col-1926359558\" class=\"col medium-4 small-12 large-4\"  >\n\t\t\t\t<div class=\"col-inner\"  >\n\t\t\t\n\t\t\t\n\n\n\t\t<div class=\"icon-box featured-box icon-box-center text-center\"  >\n\t\t\t\t\t<div class=\"icon-box-img\" style=\"width: 60px\">\n\t\t\t\t<div class=\"icon\">\n\t\t\t\t\t<div class=\"icon-inner\" >\n\t\t\t\t\t\t<img loading=\"lazy\" decoding=\"async\" width=\"48\" height=\"48\" src=\"https:\/\/www.pension-dang.de\/wp-content\/uploads\/2022\/03\/icons8-balkon-48.png\" class=\"attachment-medium size-medium\" alt=\"\" \/>\t\t\t\t\t<\/div>\n\t\t\t\t<\/div>\n\t\t\t<\/div>\n\t\t\t\t<div class=\"icon-box-text last-reset\">\n\t\t\t\t\t\t\t\t\t\n\n<h3>ZIMMER MIT BALKON<br \/>inkl. Fr\u00fchst\u00fcck<\/h3>\n<p>ab 100,- \u20ac\u00a0<\/p>\n\n\t\t<\/div>\n\t<\/div>\n\t\n\t\n\n\t\t<\/div>\n\t\t\t\t\t<\/div>\n\n\t\n\n<\/div>\n\n\t\t<\/div>\n\n\t\t\n<style>\n#section_2121409578 {\n  padding-top: 30px;\n  padding-bottom: 30px;\n}\n#section_2121409578 .ux-shape-divider--top svg {\n  height: 150px;\n  --divider-top-width: 100%;\n}\n#section_2121409578 .ux-shape-divider--bottom svg {\n  height: 150px;\n  --divider-width: 100%;\n}\n<\/style>\n\t<\/section>\n\t\n\t<section class=\"section\" id=\"section_1156650747\">\n\t\t<div class=\"bg section-bg fill bg-fill  bg-loaded\" >\n\n\t\t\t\n\t\t\t\n\t\t\t\n\n\t\t<\/div>\n\n\t\t\n\n\t\t<div class=\"section-content relative\">\n\t\t\t\n\n<div class=\"container section-title-container\" ><h1 class=\"section-title section-title-center\"><b><\/b><span class=\"section-title-main\" >PENSION DANG<\/span><b><\/b><\/h1><\/div>\n\n<div class=\"row\"  id=\"row-1408249\">\n\n\n\t<div id=\"col-329950355\" class=\"col medium-4 small-12 large-4\"  >\n\t\t\t\t<div class=\"col-inner\"  >\n\t\t\t\n\t\t\t\n\n\n\t\t<div class=\"icon-box featured-box icon-box-center text-center\"  >\n\t\t\t\t\t<div class=\"icon-box-img\" style=\"width: 60px\">\n\t\t\t\t<div class=\"icon\">\n\t\t\t\t\t<div class=\"icon-inner\" >\n\t\t\t\t\t\t<img loading=\"lazy\" decoding=\"async\" width=\"300\" height=\"300\" src=\"https:\/\/www.pension-dang.de\/wp-content\/uploads\/2022\/03\/towel-300x300.png\" class=\"attachment-medium size-medium\" alt=\"\" srcset=\"https:\/\/www.pension-dang.de\/wp-content\/uploads\/2022\/03\/towel-300x300.png 300w, https:\/\/www.pension-dang.de\/wp-content\/uploads\/2022\/03\/towel-150x150.png 150w, https:\/\/www.pension-dang.de\/wp-content\/uploads\/2022\/03\/towel.png 512w\" sizes=\"auto, (max-width: 300px) 100vw, 300px\" \/>\t\t\t\t\t<\/div>\n\t\t\t\t<\/div>\n\t\t\t<\/div>\n\t\t\t\t<div class=\"icon-box-text last-reset\">\n\t\t\t\t\t\t\t\t\t\n\n<h3>Handt\u00fccher<\/h3>\n<p>nat\u00fcrlich sind unsere Zimmer mit frischen Handt\u00fccher ausgestattet<\/p>\n\n\t\t<\/div>\n\t<\/div>\n\t\n\t\n\n\t\t<\/div>\n\t\t\t\t\t<\/div>\n\n\t\n\n\t<div id=\"col-1617120017\" class=\"col medium-4 small-12 large-4\"  >\n\t\t\t\t<div class=\"col-inner\"  >\n\t\t\t\n\t\t\t\n\n\n\t\t<div class=\"icon-box featured-box icon-box-center text-center\"  >\n\t\t\t\t\t<div class=\"icon-box-img\" style=\"width: 60px\">\n\t\t\t\t<div class=\"icon\">\n\t\t\t\t\t<div class=\"icon-inner\" >\n\t\t\t\t\t\t<img loading=\"lazy\" decoding=\"async\" width=\"300\" height=\"300\" src=\"https:\/\/www.pension-dang.de\/wp-content\/uploads\/2022\/03\/bed-300x300.png\" class=\"attachment-medium size-medium\" alt=\"\" srcset=\"https:\/\/www.pension-dang.de\/wp-content\/uploads\/2022\/03\/bed-300x300.png 300w, https:\/\/www.pension-dang.de\/wp-content\/uploads\/2022\/03\/bed-150x150.png 150w, https:\/\/www.pension-dang.de\/wp-content\/uploads\/2022\/03\/bed.png 512w\" sizes=\"auto, (max-width: 300px) 100vw, 300px\" \/>\t\t\t\t\t<\/div>\n\t\t\t\t<\/div>\n\t\t\t<\/div>\n\t\t\t\t<div class=\"icon-box-text last-reset\">\n\t\t\t\t\t\t\t\t\t\n\n<h3>Bettw\u00e4sche<\/h3>\n<p>alle unsere Betten werden mit frischen Bettw\u00e4schen bezogen<\/p>\n\n\t\t<\/div>\n\t<\/div>\n\t\n\t\n\n\t\t<\/div>\n\t\t\t\t\t<\/div>\n\n\t\n\n\t<div id=\"col-1545481798\" class=\"col medium-4 small-12 large-4\"  >\n\t\t\t\t<div class=\"col-inner\"  >\n\t\t\t\n\t\t\t\n\n\n\t\t<div class=\"icon-box featured-box icon-box-center text-center\"  >\n\t\t\t\t\t<div class=\"icon-box-img\" style=\"width: 60px\">\n\t\t\t\t<div class=\"icon\">\n\t\t\t\t\t<div class=\"icon-inner\" >\n\t\t\t\t\t\t<img loading=\"lazy\" decoding=\"async\" width=\"300\" height=\"300\" src=\"https:\/\/www.pension-dang.de\/wp-content\/uploads\/2022\/03\/breakfast-300x300.png\" class=\"attachment-medium size-medium\" alt=\"\" srcset=\"https:\/\/www.pension-dang.de\/wp-content\/uploads\/2022\/03\/breakfast-300x300.png 300w, https:\/\/www.pension-dang.de\/wp-content\/uploads\/2022\/03\/breakfast-150x150.png 150w, https:\/\/www.pension-dang.de\/wp-content\/uploads\/2022\/03\/breakfast.png 512w\" sizes=\"auto, (max-width: 300px) 100vw, 300px\" \/>\t\t\t\t\t<\/div>\n\t\t\t\t<\/div>\n\t\t\t<\/div>\n\t\t\t\t<div class=\"icon-box-text last-reset\">\n\t\t\t\t\t\t\t\t\t\n\n<h3>Fr\u00fchst\u00fcck<\/h3>\n<p>all unsere \u00dcbernachtungen sind mit Fr\u00fchst\u00fcck inklusive<\/p>\n\n\t\t<\/div>\n\t<\/div>\n\t\n\t\n\n\t\t<\/div>\n\t\t\t\t\t<\/div>\n\n\t\n\n<\/div>\n<div class=\"row\"  id=\"row-1441603932\">\n\n\n\t<div id=\"col-1731879566\" class=\"col medium-4 small-12 large-4\"  >\n\t\t\t\t<div class=\"col-inner\"  >\n\t\t\t\n\t\t\t\n\n\n\t\t<div class=\"icon-box featured-box icon-box-center text-center\"  >\n\t\t\t\t\t<div class=\"icon-box-img\" style=\"width: 60px\">\n\t\t\t\t<div class=\"icon\">\n\t\t\t\t\t<div class=\"icon-inner\" >\n\t\t\t\t\t\t<img loading=\"lazy\" decoding=\"async\" width=\"300\" height=\"300\" src=\"https:\/\/www.pension-dang.de\/wp-content\/uploads\/2022\/03\/television-300x300.png\" class=\"attachment-medium size-medium\" alt=\"\" srcset=\"https:\/\/www.pension-dang.de\/wp-content\/uploads\/2022\/03\/television-300x300.png 300w, https:\/\/www.pension-dang.de\/wp-content\/uploads\/2022\/03\/television-150x150.png 150w, https:\/\/www.pension-dang.de\/wp-content\/uploads\/2022\/03\/television.png 512w\" sizes=\"auto, (max-width: 300px) 100vw, 300px\" \/>\t\t\t\t\t<\/div>\n\t\t\t\t<\/div>\n\t\t\t<\/div>\n\t\t\t\t<div class=\"icon-box-text last-reset\">\n\t\t\t\t\t\t\t\t\t\n\n<h3>Fernseher<\/h3>\n<p>unsere Zimmer sind mit TVs ausgestattet<\/p>\n\n\t\t<\/div>\n\t<\/div>\n\t\n\t\n\n\t\t<\/div>\n\t\t\t\t\t<\/div>\n\n\t\n\n\t<div id=\"col-788958138\" class=\"col medium-4 small-12 large-4\"  >\n\t\t\t\t<div class=\"col-inner\"  >\n\t\t\t\n\t\t\t\n\n\n\t\t<div class=\"icon-box featured-box icon-box-center text-center\"  >\n\t\t\t\t\t<div class=\"icon-box-img\" style=\"width: 60px\">\n\t\t\t\t<div class=\"icon\">\n\t\t\t\t\t<div class=\"icon-inner\" >\n\t\t\t\t\t\t<img loading=\"lazy\" decoding=\"async\" width=\"300\" height=\"300\" src=\"https:\/\/www.pension-dang.de\/wp-content\/uploads\/2022\/03\/terrace-300x300.png\" class=\"attachment-medium size-medium\" alt=\"\" srcset=\"https:\/\/www.pension-dang.de\/wp-content\/uploads\/2022\/03\/terrace-300x300.png 300w, https:\/\/www.pension-dang.de\/wp-content\/uploads\/2022\/03\/terrace-150x150.png 150w, https:\/\/www.pension-dang.de\/wp-content\/uploads\/2022\/03\/terrace.png 512w\" sizes=\"auto, (max-width: 300px) 100vw, 300px\" \/>\t\t\t\t\t<\/div>\n\t\t\t\t<\/div>\n\t\t\t<\/div>\n\t\t\t\t<div class=\"icon-box-text last-reset\">\n\t\t\t\t\t\t\t\t\t\n\n<h3>Terasse<\/h3>\n<p>die Pension Dang bietet eine Dachterrasse, Terrasse, Liegewiese und einen Aufenthaltsraum<\/p>\n\n\t\t<\/div>\n\t<\/div>\n\t\n\t\n\n\t\t<\/div>\n\t\t\t\t\t<\/div>\n\n\t\n\n\t<div id=\"col-2080248561\" class=\"col medium-4 small-12 large-4\"  >\n\t\t\t\t<div class=\"col-inner\"  >\n\t\t\t\n\t\t\t\n\n\n\t\t<div class=\"icon-box featured-box icon-box-center text-center\"  >\n\t\t\t\t\t<div class=\"icon-box-img\" style=\"width: 60px\">\n\t\t\t\t<div class=\"icon\">\n\t\t\t\t\t<div class=\"icon-inner\" >\n\t\t\t\t\t\t<img loading=\"lazy\" decoding=\"async\" width=\"300\" height=\"300\" src=\"https:\/\/www.pension-dang.de\/wp-content\/uploads\/2022\/03\/signage-300x300.png\" class=\"attachment-medium size-medium\" alt=\"\" srcset=\"https:\/\/www.pension-dang.de\/wp-content\/uploads\/2022\/03\/signage-300x300.png 300w, https:\/\/www.pension-dang.de\/wp-content\/uploads\/2022\/03\/signage-150x150.png 150w, https:\/\/www.pension-dang.de\/wp-content\/uploads\/2022\/03\/signage.png 512w\" sizes=\"auto, (max-width: 300px) 100vw, 300px\" \/>\t\t\t\t\t<\/div>\n\t\t\t\t<\/div>\n\t\t\t<\/div>\n\t\t\t\t<div class=\"icon-box-text last-reset\">\n\t\t\t\t\t\t\t\t\t\n\n<h3>Parkpl\u00e4tze<\/h3>\n<p>unsere Pension bietet Ihrem Auto nat\u00fcrlich auch Parkpl\u00e4tze<\/p>\n\n\t\t<\/div>\n\t<\/div>\n\t\n\t\n\n\t\t<\/div>\n\t\t\t\t\t<\/div>\n\n\t\n\n<\/div>\n\n\t\t<\/div>\n\n\t\t\n<style>\n#section_1156650747 {\n  padding-top: 30px;\n  padding-bottom: 30px;\n}\n#section_1156650747 .ux-shape-divider--top svg {\n  height: 150px;\n  --divider-top-width: 100%;\n}\n#section_1156650747 .ux-shape-divider--bottom svg {\n  height: 150px;\n  --divider-width: 100%;\n}\n<\/style>\n\t<\/section>\n\t\n\t<section class=\"section\" id=\"section_467741161\">\n\t\t<div class=\"bg section-bg fill bg-fill  bg-loaded\" >\n\n\t\t\t\n\t\t\t\n\t\t\t\n\n\t\t<\/div>\n\n\t\t\n\n\t\t<div class=\"section-content relative\">\n\t\t\t\n\n<div class=\"row\"  id=\"row-1145359837\">\n\n\n\t<div id=\"col-845900394\" class=\"col small-12 large-12\"  >\n\t\t\t\t<div class=\"col-inner\"  >\n\t\t\t\n\t\t\t\n\n<div class=\"slider-wrapper relative\" id=\"slider-1991077783\" >\n    <div class=\"slider slider-nav-circle slider-nav-large slider-nav-light slider-style-normal\"\n        data-flickity-options='{\n            \"cellAlign\": \"center\",\n            \"imagesLoaded\": true,\n            \"lazyLoad\": 1,\n            \"freeScroll\": false,\n            \"wrapAround\": true,\n            \"autoPlay\": 6000,\n            \"pauseAutoPlayOnHover\" : true,\n            \"prevNextButtons\": true,\n            \"contain\" : true,\n            \"adaptiveHeight\" : true,\n            \"dragThreshold\" : 10,\n            \"percentPosition\": true,\n            \"pageDots\": true,\n            \"rightToLeft\": false,\n            \"draggable\": true,\n            \"selectedAttraction\": 0.1,\n            \"parallax\" : 0,\n            \"friction\": 0.6        }'\n        >\n        \n\n\t<div class=\"img has-hover x md-x lg-x y md-y lg-y\" id=\"image_990800584\">\n\t\t\t\t\t\t\t\t<div class=\"img-inner dark\" >\n\t\t\t<img loading=\"lazy\" decoding=\"async\" width=\"642\" height=\"474\" src=\"https:\/\/www.pension-dang.de\/wp-content\/uploads\/2025\/03\/image11.jpeg\" class=\"attachment-large size-large\" alt=\"\" srcset=\"https:\/\/www.pension-dang.de\/wp-content\/uploads\/2025\/03\/image11.jpeg 642w, https:\/\/www.pension-dang.de\/wp-content\/uploads\/2025\/03\/image11-300x221.jpeg 300w\" sizes=\"auto, (max-width: 642px) 100vw, 642px\" \/>\t\t\t\t\t\t\n\t\t\t\t\t<\/div>\n\t\t\t\t\t\t\t\t\n<style>\n#image_990800584 {\n  width: 100%;\n}\n<\/style>\n\t<\/div>\n\t\n\n\t<div class=\"img has-hover x md-x lg-x y md-y lg-y\" id=\"image_977029055\">\n\t\t\t\t\t\t\t\t<div class=\"img-inner dark\" >\n\t\t\t<img loading=\"lazy\" decoding=\"async\" width=\"764\" height=\"1024\" src=\"https:\/\/www.pension-dang.de\/wp-content\/uploads\/2023\/03\/315529761_435945308740728_1193841311064066544_n-764x1024.jpg\" class=\"attachment-large size-large\" alt=\"\" srcset=\"https:\/\/www.pension-dang.de\/wp-content\/uploads\/2023\/03\/315529761_435945308740728_1193841311064066544_n-764x1024.jpg 764w, https:\/\/www.pension-dang.de\/wp-content\/uploads\/2023\/03\/315529761_435945308740728_1193841311064066544_n-224x300.jpg 224w, https:\/\/www.pension-dang.de\/wp-content\/uploads\/2023\/03\/315529761_435945308740728_1193841311064066544_n-768x1029.jpg 768w, https:\/\/www.pension-dang.de\/wp-content\/uploads\/2023\/03\/315529761_435945308740728_1193841311064066544_n-1146x1536.jpg 1146w, https:\/\/www.pension-dang.de\/wp-content\/uploads\/2023\/03\/315529761_435945308740728_1193841311064066544_n.jpg 1504w\" sizes=\"auto, (max-width: 764px) 100vw, 764px\" \/>\t\t\t\t\t\t\n\t\t\t\t\t<\/div>\n\t\t\t\t\t\t\t\t\n<style>\n#image_977029055 {\n  width: 100%;\n}\n<\/style>\n\t<\/div>\n\t\n\n\t<div class=\"img has-hover x md-x lg-x y md-y lg-y\" id=\"image_307502614\">\n\t\t\t\t\t\t\t\t<div class=\"img-inner dark\" >\n\t\t\t<img loading=\"lazy\" decoding=\"async\" width=\"768\" height=\"1024\" src=\"https:\/\/www.pension-dang.de\/wp-content\/uploads\/2023\/03\/314992661_683481613197854_1280646534430751452_n-768x1024.jpg\" class=\"attachment-large size-large\" alt=\"\" srcset=\"https:\/\/www.pension-dang.de\/wp-content\/uploads\/2023\/03\/314992661_683481613197854_1280646534430751452_n-768x1024.jpg 768w, https:\/\/www.pension-dang.de\/wp-content\/uploads\/2023\/03\/314992661_683481613197854_1280646534430751452_n-225x300.jpg 225w, https:\/\/www.pension-dang.de\/wp-content\/uploads\/2023\/03\/314992661_683481613197854_1280646534430751452_n-1152x1536.jpg 1152w, https:\/\/www.pension-dang.de\/wp-content\/uploads\/2023\/03\/314992661_683481613197854_1280646534430751452_n.jpg 1200w\" sizes=\"auto, (max-width: 768px) 100vw, 768px\" \/>\t\t\t\t\t\t\n\t\t\t\t\t<\/div>\n\t\t\t\t\t\t\t\t\n<style>\n#image_307502614 {\n  width: 100%;\n}\n<\/style>\n\t<\/div>\n\t\n\n\t<div class=\"img has-hover x md-x lg-x y md-y lg-y\" id=\"image_1091508289\">\n\t\t\t\t\t\t\t\t<div class=\"img-inner dark\" >\n\t\t\t<img loading=\"lazy\" decoding=\"async\" width=\"768\" height=\"1024\" src=\"https:\/\/www.pension-dang.de\/wp-content\/uploads\/2023\/03\/316561847_1082315502455395_8955014738985301893_n-768x1024.jpg\" class=\"attachment-large size-large\" alt=\"\" srcset=\"https:\/\/www.pension-dang.de\/wp-content\/uploads\/2023\/03\/316561847_1082315502455395_8955014738985301893_n-768x1024.jpg 768w, https:\/\/www.pension-dang.de\/wp-content\/uploads\/2023\/03\/316561847_1082315502455395_8955014738985301893_n-225x300.jpg 225w, https:\/\/www.pension-dang.de\/wp-content\/uploads\/2023\/03\/316561847_1082315502455395_8955014738985301893_n-1152x1536.jpg 1152w, https:\/\/www.pension-dang.de\/wp-content\/uploads\/2023\/03\/316561847_1082315502455395_8955014738985301893_n.jpg 1200w\" sizes=\"auto, (max-width: 768px) 100vw, 768px\" \/>\t\t\t\t\t\t\n\t\t\t\t\t<\/div>\n\t\t\t\t\t\t\t\t\n<style>\n#image_1091508289 {\n  width: 100%;\n}\n<\/style>\n\t<\/div>\n\t\n\n\t<div class=\"img has-hover x md-x lg-x y md-y lg-y\" id=\"image_591334383\">\n\t\t\t\t\t\t\t\t<div class=\"img-inner dark\" >\n\t\t\t<img loading=\"lazy\" decoding=\"async\" width=\"1504\" height=\"2016\" src=\"https:\/\/www.pension-dang.de\/wp-content\/uploads\/2023\/03\/315917269_1470662506792431_1882043717398923979_n.jpg\" class=\"attachment-original size-original\" alt=\"\" srcset=\"https:\/\/www.pension-dang.de\/wp-content\/uploads\/2023\/03\/315917269_1470662506792431_1882043717398923979_n.jpg 1504w, https:\/\/www.pension-dang.de\/wp-content\/uploads\/2023\/03\/315917269_1470662506792431_1882043717398923979_n-224x300.jpg 224w, https:\/\/www.pension-dang.de\/wp-content\/uploads\/2023\/03\/315917269_1470662506792431_1882043717398923979_n-764x1024.jpg 764w, https:\/\/www.pension-dang.de\/wp-content\/uploads\/2023\/03\/315917269_1470662506792431_1882043717398923979_n-768x1029.jpg 768w, https:\/\/www.pension-dang.de\/wp-content\/uploads\/2023\/03\/315917269_1470662506792431_1882043717398923979_n-1146x1536.jpg 1146w\" sizes=\"auto, (max-width: 1504px) 100vw, 1504px\" \/>\t\t\t\t\t\t\n\t\t\t\t\t<\/div>\n\t\t\t\t\t\t\t\t\n<style>\n#image_591334383 {\n  width: 100%;\n}\n<\/style>\n\t<\/div>\n\t\n\n\t<div class=\"img has-hover x md-x lg-x y md-y lg-y\" id=\"image_341093522\">\n\t\t\t\t\t\t\t\t<div class=\"img-inner dark\" >\n\t\t\t<img loading=\"lazy\" decoding=\"async\" width=\"642\" height=\"836\" src=\"https:\/\/www.pension-dang.de\/wp-content\/uploads\/2025\/03\/image13.jpeg\" class=\"attachment-original size-original\" alt=\"\" srcset=\"https:\/\/www.pension-dang.de\/wp-content\/uploads\/2025\/03\/image13.jpeg 642w, https:\/\/www.pension-dang.de\/wp-content\/uploads\/2025\/03\/image13-230x300.jpeg 230w\" sizes=\"auto, (max-width: 642px) 100vw, 642px\" \/>\t\t\t\t\t\t\n\t\t\t\t\t<\/div>\n\t\t\t\t\t\t\t\t\n<style>\n#image_341093522 {\n  width: 100%;\n}\n<\/style>\n\t<\/div>\n\t\n\n\t<div class=\"img has-hover x md-x lg-x y md-y lg-y\" id=\"image_502713916\">\n\t\t\t\t\t\t\t\t<div class=\"img-inner dark\" >\n\t\t\t<img loading=\"lazy\" decoding=\"async\" width=\"764\" height=\"1024\" src=\"https:\/\/www.pension-dang.de\/wp-content\/uploads\/2023\/03\/316045700_694655848605035_4664460952588221145_n-764x1024.jpg\" class=\"attachment-large size-large\" alt=\"\" srcset=\"https:\/\/www.pension-dang.de\/wp-content\/uploads\/2023\/03\/316045700_694655848605035_4664460952588221145_n-764x1024.jpg 764w, https:\/\/www.pension-dang.de\/wp-content\/uploads\/2023\/03\/316045700_694655848605035_4664460952588221145_n-224x300.jpg 224w, https:\/\/www.pension-dang.de\/wp-content\/uploads\/2023\/03\/316045700_694655848605035_4664460952588221145_n-768x1029.jpg 768w, https:\/\/www.pension-dang.de\/wp-content\/uploads\/2023\/03\/316045700_694655848605035_4664460952588221145_n-1146x1536.jpg 1146w, https:\/\/www.pension-dang.de\/wp-content\/uploads\/2023\/03\/316045700_694655848605035_4664460952588221145_n.jpg 1504w\" sizes=\"auto, (max-width: 764px) 100vw, 764px\" \/>\t\t\t\t\t\t\n\t\t\t\t\t<\/div>\n\t\t\t\t\t\t\t\t\n<style>\n#image_502713916 {\n  width: 100%;\n}\n<\/style>\n\t<\/div>\n\t\n\n\t<div class=\"img has-hover x md-x lg-x y md-y lg-y\" id=\"image_9213146\">\n\t\t\t\t\t\t\t\t<div class=\"img-inner dark\" >\n\t\t\t<img loading=\"lazy\" decoding=\"async\" width=\"800\" height=\"600\" src=\"https:\/\/www.pension-dang.de\/wp-content\/uploads\/2025\/03\/image17.jpeg\" class=\"attachment-large size-large\" alt=\"\" srcset=\"https:\/\/www.pension-dang.de\/wp-content\/uploads\/2025\/03\/image17.jpeg 800w, https:\/\/www.pension-dang.de\/wp-content\/uploads\/2025\/03\/image17-300x225.jpeg 300w, https:\/\/www.pension-dang.de\/wp-content\/uploads\/2025\/03\/image17-768x576.jpeg 768w\" sizes=\"auto, (max-width: 800px) 100vw, 800px\" \/>\t\t\t\t\t\t\n\t\t\t\t\t<\/div>\n\t\t\t\t\t\t\t\t\n<style>\n#image_9213146 {\n  width: 100%;\n}\n<\/style>\n\t<\/div>\n\t\n\n\t<div class=\"img has-hover x md-x lg-x y md-y lg-y\" id=\"image_706065864\">\n\t\t\t\t\t\t\t\t<div class=\"img-inner dark\" >\n\t\t\t<img loading=\"lazy\" decoding=\"async\" width=\"642\" height=\"850\" src=\"https:\/\/www.pension-dang.de\/wp-content\/uploads\/2025\/03\/image19.jpeg\" class=\"attachment-large size-large\" alt=\"\" srcset=\"https:\/\/www.pension-dang.de\/wp-content\/uploads\/2025\/03\/image19.jpeg 642w, https:\/\/www.pension-dang.de\/wp-content\/uploads\/2025\/03\/image19-227x300.jpeg 227w\" sizes=\"auto, (max-width: 642px) 100vw, 642px\" \/>\t\t\t\t\t\t\n\t\t\t\t\t<\/div>\n\t\t\t\t\t\t\t\t\n<style>\n#image_706065864 {\n  width: 100%;\n}\n<\/style>\n\t<\/div>\n\t\n\n\t<div class=\"img has-hover x md-x lg-x y md-y lg-y\" id=\"image_533038869\">\n\t\t\t\t\t\t\t\t<div class=\"img-inner dark\" >\n\t\t\t<img loading=\"lazy\" decoding=\"async\" width=\"642\" height=\"478\" src=\"https:\/\/www.pension-dang.de\/wp-content\/uploads\/2025\/03\/image18.jpeg\" class=\"attachment-large size-large\" alt=\"\" srcset=\"https:\/\/www.pension-dang.de\/wp-content\/uploads\/2025\/03\/image18.jpeg 642w, https:\/\/www.pension-dang.de\/wp-content\/uploads\/2025\/03\/image18-300x223.jpeg 300w\" sizes=\"auto, (max-width: 642px) 100vw, 642px\" \/>\t\t\t\t\t\t\n\t\t\t\t\t<\/div>\n\t\t\t\t\t\t\t\t\n<style>\n#image_533038869 {\n  width: 100%;\n}\n<\/style>\n\t<\/div>\n\t\n\n\t<div class=\"img has-hover x md-x lg-x y md-y lg-y\" id=\"image_1161735909\">\n\t\t\t\t\t\t\t\t<div class=\"img-inner dark\" >\n\t\t\t<img loading=\"lazy\" decoding=\"async\" width=\"642\" height=\"467\" src=\"https:\/\/www.pension-dang.de\/wp-content\/uploads\/2025\/03\/image12.jpeg\" class=\"attachment-large size-large\" alt=\"\" srcset=\"https:\/\/www.pension-dang.de\/wp-content\/uploads\/2025\/03\/image12.jpeg 642w, https:\/\/www.pension-dang.de\/wp-content\/uploads\/2025\/03\/image12-300x218.jpeg 300w\" sizes=\"auto, (max-width: 642px) 100vw, 642px\" \/>\t\t\t\t\t\t\n\t\t\t\t\t<\/div>\n\t\t\t\t\t\t\t\t\n<style>\n#image_1161735909 {\n  width: 100%;\n}\n<\/style>\n\t<\/div>\n\t\n\n\t<div class=\"img has-hover x md-x lg-x y md-y lg-y\" id=\"image_858718013\">\n\t\t\t\t\t\t\t\t<div class=\"img-inner dark\" >\n\t\t\t<img loading=\"lazy\" decoding=\"async\" width=\"764\" height=\"1024\" src=\"https:\/\/www.pension-dang.de\/wp-content\/uploads\/2023\/03\/316143261_919870662334345_8761777063407717045_n-764x1024.jpg\" class=\"attachment-large size-large\" alt=\"\" srcset=\"https:\/\/www.pension-dang.de\/wp-content\/uploads\/2023\/03\/316143261_919870662334345_8761777063407717045_n-764x1024.jpg 764w, https:\/\/www.pension-dang.de\/wp-content\/uploads\/2023\/03\/316143261_919870662334345_8761777063407717045_n-224x300.jpg 224w, https:\/\/www.pension-dang.de\/wp-content\/uploads\/2023\/03\/316143261_919870662334345_8761777063407717045_n-768x1029.jpg 768w, https:\/\/www.pension-dang.de\/wp-content\/uploads\/2023\/03\/316143261_919870662334345_8761777063407717045_n-1146x1536.jpg 1146w, https:\/\/www.pension-dang.de\/wp-content\/uploads\/2023\/03\/316143261_919870662334345_8761777063407717045_n.jpg 1504w\" sizes=\"auto, (max-width: 764px) 100vw, 764px\" \/>\t\t\t\t\t\t\n\t\t\t\t\t<\/div>\n\t\t\t\t\t\t\t\t\n<style>\n#image_858718013 {\n  width: 100%;\n}\n<\/style>\n\t<\/div>\n\t\n\n\n     <\/div>\n\n     <div class=\"loading-spin dark large centered\"><\/div>\n\n     \t<\/div>\n\n\n\n\t\t<\/div>\n\t\t\t\t\t<\/div>\n\n\t\n\n<\/div>\n\n\t\t<\/div>\n\n\t\t\n<style>\n#section_467741161 {\n  padding-top: 30px;\n  padding-bottom: 30px;\n}\n#section_467741161 .ux-shape-divider--top svg {\n  height: 150px;\n  --divider-top-width: 100%;\n}\n#section_467741161 .ux-shape-divider--bottom svg {\n  height: 150px;\n  --divider-width: 100%;\n}\n<\/style>\n\t<\/section>\n\t\n\n","protected":false},"excerpt":{"rendered":"","protected":false},"author":1,"featured_media":0,"parent":0,"menu_order":0,"comment_status":"closed","ping_status":"closed","template":"page-blank.php","meta":{"footnotes":""},"class_list":["post-31","page","type-page","status-publish","hentry"],"_links":{"self":[{"href":"https:\/\/www.pension-dang.de\/index.php?rest_route=\/wp\/v2\/pages\/31","targetHints":{"allow":["GET"]}}],"collection":[{"href":"https:\/\/www.pension-dang.de\/index.php?rest_route=\/wp\/v2\/pages"}],"about":[{"href":"https:\/\/www.pension-dang.de\/index.php?rest_route=\/wp\/v2\/types\/page"}],"author":[{"embeddable":true,"href":"https:\/\/www.pension-dang.de\/index.php?rest_route=\/wp\/v2\/users\/1"}],"replies":[{"embeddable":true,"href":"https:\/\/www.pension-dang.de\/index.php?rest_route=%2Fwp%2Fv2%2Fcomments&post=31"}],"version-history":[{"count":30,"href":"https:\/\/www.pension-dang.de\/index.php?rest_route=\/wp\/v2\/pages\/31\/revisions"}],"predecessor-version":[{"id":192,"href":"https:\/\/www.pension-dang.de\/index.php?rest_route=\/wp\/v2\/pages\/31\/revisions\/192"}],"wp:attachment":[{"href":"https:\/\/www.pension-dang.de\/index.php?rest_route=%2Fwp%2Fv2%2Fmedia&parent=31"}],"curies":[{"name":"wp","href":"https:\/\/api.w.org\/{rel}","templated":true}]}}